{"id":2081,"date":"2018-10-17T10:31:49","date_gmt":"2018-10-17T13:31:49","guid":{"rendered":"http:\/\/localhost\/3ipt\/?page_id=2081"},"modified":"2025-01-17T17:27:32","modified_gmt":"2025-01-17T20:27:32","slug":"quem-somos","status":"publish","type":"page","link":"https:\/\/3ipt.org.br\/site\/quem-somos\/","title":{"rendered":"Quem Somos"},"content":{"rendered":"<p>[vc_row][vc_column][vc_empty_space][\/vc_column][\/vc_row][vc_row][vc_column width=&#8221;1\/6&#8243;][\/vc_column][vc_column width=&#8221;2\/3&#8243;][vc_column_text]A 3\u00aa Igreja Presbiteriana de Taguatinga \u00e9 uma comunidade de crist\u00e3os reformados. Fazemos parte da <a href=\"http:\/\/ipb.org.br\/\" target=\"_blank\" rel=\"noopener noreferrer\">Igreja Presbiteriana do Brasil<\/a>, de quem herdamos, principalmente, a doutrina e a estrutura eclesi\u00e1stica.<\/p>\n<p>Fazemos parte do Presbit\u00e9rio do Distrito Federal, que por sua vez integra o S\u00ednodo de Taguatinga.<\/p>\n<p>Nossa igreja \u00e9 governada segundo os princ\u00edpios da Constitui\u00e7\u00e3o da IPB (<a href=\"http:\/\/ipb.org.br\/recursos\/download\/legislacao-ipb-134\">dispon\u00edvel para download<\/a>). Segundo o texto da Constitui\u00e7\u00e3o:<\/p>\n<p>O Conselho da Igreja \u00e9 o Conc\u00edlio que exerce jurisdi\u00e7\u00e3o sobre uma Igreja e \u00e9 composto do pastor, ou pastores, e dos presb\u00edteros.<\/p>\n<p>O pastor \u00e9 o presidente do Conselho da Igreja local e \u00e9 sempre o representante legal da Igreja, para efeitos civis e, na sua falta, o seu substituto.<\/p>\n<p>O Conselho da Igreja local reunir-se-\u00e1:<\/p>\n<ul>\n<li>pelo menos de tr\u00eas em tr\u00eas meses;<\/li>\n<li>quando convocado pelo pastor;<\/li>\n<li>quando convocado pelo vice-presidente;<\/li>\n<li>a pedido da maioria dos presb\u00edteros, ou de um presb\u00edtero quando a Igreja n\u00e3o tiver mais de dois;<\/li>\n<li>por ordem do Presbit\u00e9rio.<\/li>\n<\/ul>\n<p>Atualmente, preside nossa igreja o reverendo Marthon Ary Mendes[\/vc_column_text][\/vc_column][vc_column width=&#8221;1\/6&#8243;][\/vc_column][vc_column][vc_empty_space][\/vc_column][\/vc_row]<\/p>\n","protected":false},"excerpt":{"rendered":"<p>[vc_row][vc_column][vc_empty_space][\/vc_column][\/vc_row][vc_row][vc_column width=&#8221;1\/6&#8243;][\/vc_column][vc_column width=&#8221;2\/3&#8243;][vc_column_text]A 3\u00aa Igreja Presbiteriana de Taguatinga \u00e9 uma comunidade de crist\u00e3os reformados. Fazemos parte da Igreja Presbiteriana do Brasil, de quem herdamos, principalmente, a doutrina e a estrutura eclesi\u00e1stica. Fazemos parte do Presbit\u00e9rio do Distrito Federal, que por sua vez integra o S\u00ednodo de Taguatinga. Nossa igreja \u00e9 governada segundo os princ\u00edpios da&#8230;<\/p>\n","protected":false},"author":1,"featured_media":0,"parent":0,"menu_order":0,"comment_status":"closed","ping_status":"closed","template":"","meta":{"footnotes":""},"_links":{"self":[{"href":"https:\/\/3ipt.org.br\/site\/wp-json\/wp\/v2\/pages\/2081"}],"collection":[{"href":"https:\/\/3ipt.org.br\/site\/wp-json\/wp\/v2\/pages"}],"about":[{"href":"https:\/\/3ipt.org.br\/site\/wp-json\/wp\/v2\/types\/page"}],"author":[{"embeddable":true,"href":"https:\/\/3ipt.org.br\/site\/wp-json\/wp\/v2\/users\/1"}],"replies":[{"embeddable":true,"href":"https:\/\/3ipt.org.br\/site\/wp-json\/wp\/v2\/comments?post=2081"}],"version-history":[{"count":10,"href":"https:\/\/3ipt.org.br\/site\/wp-json\/wp\/v2\/pages\/2081\/revisions"}],"predecessor-version":[{"id":4576,"href":"https:\/\/3ipt.org.br\/site\/wp-json\/wp\/v2\/pages\/2081\/revisions\/4576"}],"wp:attachment":[{"href":"https:\/\/3ipt.org.br\/site\/wp-json\/wp\/v2\/media?parent=2081"}],"curies":[{"name":"wp","href":"https:\/\/api.w.org\/{rel}","templated":true}]}}