{"id":2250,"date":"2019-09-13T11:06:10","date_gmt":"2019-09-13T14:06:10","guid":{"rendered":"http:\/\/3ipt.org.br\/site\/?page_id=2250"},"modified":"2024-04-05T14:56:14","modified_gmt":"2024-04-05T17:56:14","slug":"pergunte-ao-pastor","status":"publish","type":"page","link":"https:\/\/3ipt.org.br\/site\/pergunte-ao-pastor\/","title":{"rendered":"Pergunte ao Pastor"},"content":{"rendered":"\n<p>Envie sua pergunta para <a href=\"mailto:pergunte@3ipt.org.br\">pergunte@3ipt.org.br<\/a>. Todas as perguntas s\u00e3o respondidas, portanto, por favor tenha paci\u00eancia. As repostas s\u00e3o publicadas em nosso site anonimamente, exceto quando solicitada a divulga\u00e7\u00e3o do nome pelo autor.<\/p>\n","protected":false},"excerpt":{"rendered":"<p>Envie sua pergunta para pergunte@3ipt.org.br. Todas as perguntas s\u00e3o respondidas, portanto, por favor tenha paci\u00eancia. As repostas s\u00e3o publicadas em nosso site anonimamente, exceto quando solicitada a divulga\u00e7\u00e3o do nome pelo autor.<\/p>\n","protected":false},"author":1,"featured_media":0,"parent":0,"menu_order":0,"comment_status":"closed","ping_status":"closed","template":"page-templates\/blog-pergunte.php","meta":{"footnotes":""},"_links":{"self":[{"href":"https:\/\/3ipt.org.br\/site\/wp-json\/wp\/v2\/pages\/2250"}],"collection":[{"href":"https:\/\/3ipt.org.br\/site\/wp-json\/wp\/v2\/pages"}],"about":[{"href":"https:\/\/3ipt.org.br\/site\/wp-json\/wp\/v2\/types\/page"}],"author":[{"embeddable":true,"href":"https:\/\/3ipt.org.br\/site\/wp-json\/wp\/v2\/users\/1"}],"replies":[{"embeddable":true,"href":"https:\/\/3ipt.org.br\/site\/wp-json\/wp\/v2\/comments?post=2250"}],"version-history":[{"count":2,"href":"https:\/\/3ipt.org.br\/site\/wp-json\/wp\/v2\/pages\/2250\/revisions"}],"predecessor-version":[{"id":2254,"href":"https:\/\/3ipt.org.br\/site\/wp-json\/wp\/v2\/pages\/2250\/revisions\/2254"}],"wp:attachment":[{"href":"https:\/\/3ipt.org.br\/site\/wp-json\/wp\/v2\/media?parent=2250"}],"curies":[{"name":"wp","href":"https:\/\/api.w.org\/{rel}","templated":true}]}}