{"id":54,"date":"2018-10-01T10:56:46","date_gmt":"2018-10-01T13:56:46","guid":{"rendered":"http:\/\/localhost\/3ipt\/?page_id=54"},"modified":"2019-08-10T16:11:54","modified_gmt":"2019-08-10T19:11:54","slug":"boletim-informativo","status":"publish","type":"page","link":"https:\/\/3ipt.org.br\/site\/boletim-informativo\/","title":{"rendered":"Boletim Informativo"},"content":{"rendered":"<p>O Boletim Informativo \u00e9 a publica\u00e7\u00e3o oficial da igreja, distribu\u00eddo semanalmente, sempre aos domingos. Para mais informa\u00e7\u00f5es, por favor procure a secretaria da igreja pelo e-mail <a href=\"mailto:secretaria@3ipt.org.br\">secretaria@3ipt.org.br<\/a>.<\/p>\n","protected":false},"excerpt":{"rendered":"<p>O Boletim Informativo \u00e9 a publica\u00e7\u00e3o oficial da igreja, distribu\u00eddo semanalmente, sempre aos domingos. Para mais informa\u00e7\u00f5es, por favor procure a secretaria da igreja pelo e-mail secretaria@3ipt.org.br.<\/p>\n","protected":false},"author":1,"featured_media":0,"parent":0,"menu_order":0,"comment_status":"closed","ping_status":"closed","template":"page-templates\/blog-boletim.php","meta":{"footnotes":""},"_links":{"self":[{"href":"https:\/\/3ipt.org.br\/site\/wp-json\/wp\/v2\/pages\/54"}],"collection":[{"href":"https:\/\/3ipt.org.br\/site\/wp-json\/wp\/v2\/pages"}],"about":[{"href":"https:\/\/3ipt.org.br\/site\/wp-json\/wp\/v2\/types\/page"}],"author":[{"embeddable":true,"href":"https:\/\/3ipt.org.br\/site\/wp-json\/wp\/v2\/users\/1"}],"replies":[{"embeddable":true,"href":"https:\/\/3ipt.org.br\/site\/wp-json\/wp\/v2\/comments?post=54"}],"version-history":[{"count":2,"href":"https:\/\/3ipt.org.br\/site\/wp-json\/wp\/v2\/pages\/54\/revisions"}],"predecessor-version":[{"id":2073,"href":"https:\/\/3ipt.org.br\/site\/wp-json\/wp\/v2\/pages\/54\/revisions\/2073"}],"wp:attachment":[{"href":"https:\/\/3ipt.org.br\/site\/wp-json\/wp\/v2\/media?parent=54"}],"curies":[{"name":"wp","href":"https:\/\/api.w.org\/{rel}","templated":true}]}}